{"id":18,"date":"2025-09-02T12:48:27","date_gmt":"2025-09-02T12:48:27","guid":{"rendered":"https:\/\/www.vuoksenmetsuripalvelu.fi\/?page_id=18"},"modified":"2026-05-03T18:10:04","modified_gmt":"2026-05-03T18:10:04","slug":"vuoksen-metsuripalvelu","status":"publish","type":"page","link":"https:\/\/www.vuoksenmetsuripalvelu.fi\/","title":{"rendered":"Luotettavaa puunkaatoa ja mets\u00e4nhoitoa Etel\u00e4-Karjalasta"},"content":{"rendered":"\n<div class=\"wp-block-group alignfull has-background-background-color has-background has-global-padding is-layout-constrained wp-container-core-group-is-layout-7276a2bb wp-block-group-is-layout-constrained\" style=\"border-top-width:1px;margin-top:0;margin-bottom:0;padding-top:var(--wp--preset--spacing--60);padding-right:var(--wp--preset--spacing--30);padding-bottom:var(--wp--preset--spacing--60);padding-left:var(--wp--preset--spacing--30)\">\n<div class=\"wp-block-group alignwide has-global-padding is-content-justification-center is-layout-constrained wp-block-group-is-layout-constrained\">\n<figure class=\"wp-block-image size-large\"><img loading=\"lazy\" decoding=\"async\" width=\"1024\" height=\"526\" src=\"https:\/\/www.vuoksenmetsuripalvelu.fi\/wp-content\/uploads\/2025\/09\/vuoksen_metsuripalvelu_print_250130_200523-1024x526.jpg\" alt=\"\" class=\"wp-image-21\"\/><\/figure>\n\n\n\n<h2 class=\"wp-block-heading has-text-align-center has-large-font-size\">Mets\u00e4nhoito- ja puunkaatopalveluita Imatralta<\/h2>\n\n\n\n<p class=\"has-text-align-center\" style=\"margin-top:16px\">Ota yhteytt\u00e4: vili@vuoksenmetsuripalvelu.fi<\/p>\n\n\n\n<p class=\"has-text-align-center\" style=\"margin-top:16px\">045 202 6494<\/p>\n\n\n\n<p class=\"has-text-align-center\" style=\"margin-top:16px\">Vuoksen Metsuripalvelu tarjoaa laadukkaita ja yksil\u00f6llisesti r\u00e4\u00e4t\u00e4l\u00f6ityj\u00e4 metsuripalveluita. Yrityksen kotipaikka on Imatralla, mutta palvelen asiakkaita koko Etel\u00e4-Karjalan alueella. Palveluvalikoimaani kuuluvat pihapuiden kaadot, kantojyrsint\u00e4 sek\u00e4 perinteiset mets\u00e4nhoitoty\u00f6t. Olen koulutukseltani metsuri-mets\u00e4palvelujen tuottaja ja toteutan mets\u00e4nhoitoty\u00f6t tuoreimpien mets\u00e4nhoitosuositusten mukaan.<\/p>\n<\/div>\n\n\n\n<div class=\"wp-block-columns alignwide is-layout-flex wp-container-core-columns-is-layout-28f84493 wp-block-columns-is-layout-flex\">\n<div class=\"wp-block-column is-vertically-aligned-stretch is-layout-flow wp-block-column-is-layout-flow\">\n<div class=\"wp-block-group has-global-padding is-layout-constrained wp-container-core-group-is-layout-52009084 wp-block-group-is-layout-constrained\" style=\"border-width:1px;min-height:100%;padding-top:var(--wp--preset--spacing--40);padding-right:var(--wp--preset--spacing--40);padding-bottom:var(--wp--preset--spacing--40);padding-left:var(--wp--preset--spacing--40)\">\n<div class=\"wp-block-group has-global-padding is-layout-constrained wp-container-core-group-is-layout-78228b76 wp-block-group-is-layout-constrained\">\n<figure class=\"wp-block-gallery has-nested-images columns-default is-cropped wp-block-gallery-1 is-layout-flex wp-block-gallery-is-layout-flex\">\n<figure class=\"wp-block-image size-full is-style-default\"><img loading=\"lazy\" decoding=\"async\" width=\"1920\" height=\"2560\" data-id=\"63\" src=\"https:\/\/www.vuoksenmetsuripalvelu.fi\/wp-content\/uploads\/2026\/04\/IMG_20241017_100910-scaled.jpg\" alt=\"\" class=\"wp-image-63\" style=\"aspect-ratio:1;object-fit:cover\" srcset=\"https:\/\/www.vuoksenmetsuripalvelu.fi\/wp-content\/uploads\/2026\/04\/IMG_20241017_100910-scaled.jpg 1920w, https:\/\/www.vuoksenmetsuripalvelu.fi\/wp-content\/uploads\/2026\/04\/IMG_20241017_100910-225x300.jpg 225w, https:\/\/www.vuoksenmetsuripalvelu.fi\/wp-content\/uploads\/2026\/04\/IMG_20241017_100910-768x1024.jpg 768w\" sizes=\"auto, (max-width: 1920px) 100vw, 1920px\" \/><\/figure>\n<\/figure>\n\n\n\n<h3 class=\"wp-block-heading alignfull has-text-align-center\" style=\"margin-top:24px;font-size:clamp(0.984rem, 0.984rem + ((1vw - 0.2rem) * 0.86), 1.5rem);line-height:1.5\">Taimikonhoidot ja istutusty\u00f6<\/h3>\n<\/div>\n\n\n\n<p class=\"has-text-align-center has-small-font-size\" style=\"margin-top:8px\">Toteutan taimikonhoidot maanomistajan toiveita kuunnellen, sek\u00e4 viimeisimpien mets\u00e4nhoidonsuosituksia noudattaen. Istutusty\u00f6n toteutan taimihinnoitteluperiaatteella.<\/p>\n\n\n\n<hr class=\"wp-block-separator has-text-color has-foreground-color has-alpha-channel-opacity has-foreground-background-color has-background is-style-wide\" style=\"margin-top:var(--wp--preset--spacing--40);margin-bottom:var(--wp--preset--spacing--40)\"\/>\n\n\n\n<div class=\"wp-block-group is-nowrap is-layout-flex wp-container-core-group-is-layout-ec24e71f wp-block-group-is-layout-flex\" style=\"margin-top:var(--wp--preset--spacing--20);margin-bottom:var(--wp--preset--spacing--20)\">\n<figure class=\"wp-block-image size-large is-resized wp-container-content-c42f3963 wp-duotone-primary-foreground\"><img decoding=\"async\" src=\"data:image\/svg+xml;base64,PHN2ZyB4bWxucz0iaHR0cDovL3d3dy53My5vcmcvMjAwMC9zdmciIGhlaWdodD0iMjRweCIgdmlld0JveD0iMCAtOTYwIDk2MCA5NjAiIHdpZHRoPSIyNHB4IiBmaWxsPSIjMWUxZTFlIj48cGF0aCBkPSJNMzgyLTI0MCAxNTQtNDY4bDU3LTU3IDE3MSAxNzEgMzY3LTM2NyA1NyA1Ny00MjQgNDI0WiIvPjwvc3ZnPg==\" alt=\"\" style=\"width:28px;height:auto\"\/><\/figure>\n\n\n\n<p>Istutusty\u00f6 25snt + alv\/taimi<\/p>\n<\/div>\n\n\n\n<div class=\"wp-block-group is-nowrap is-layout-flex wp-container-core-group-is-layout-ec24e71f wp-block-group-is-layout-flex\" style=\"margin-top:var(--wp--preset--spacing--20);margin-bottom:var(--wp--preset--spacing--20)\">\n<figure class=\"wp-block-image size-large is-resized is-style-default wp-container-content-c42f3963 wp-duotone-primary-foreground\"><img decoding=\"async\" src=\"data:image\/svg+xml;base64,PHN2ZyB4bWxucz0iaHR0cDovL3d3dy53My5vcmcvMjAwMC9zdmciIGhlaWdodD0iMjRweCIgdmlld0JveD0iMCAtOTYwIDk2MCA5NjAiIHdpZHRoPSIyNHB4IiBmaWxsPSIjMWUxZTFlIj48cGF0aCBkPSJNMzgyLTI0MCAxNTQtNDY4bDU3LTU3IDE3MSAxNzEgMzY3LTM2NyA1NyA1Ny00MjQgNDI0WiIvPjwvc3ZnPg==\" alt=\"\" style=\"width:28px;height:auto\"\/><\/figure>\n\n\n\n<p>Taimikon varhaisperkaus alkaen 220\u20ac + alv\/ha<\/p>\n<\/div>\n\n\n\n<div class=\"wp-block-group is-nowrap is-layout-flex wp-container-core-group-is-layout-ec24e71f wp-block-group-is-layout-flex\" style=\"margin-top:var(--wp--preset--spacing--20);margin-bottom:var(--wp--preset--spacing--20)\">\n<figure class=\"wp-block-gallery has-nested-images columns-default is-cropped wp-block-gallery-2 is-layout-flex wp-block-gallery-is-layout-flex\">\n<figure class=\"wp-block-image size-large is-resized is-style-default wp-container-content-c42f3963 wp-duotone-primary-foreground\"><img decoding=\"async\" src=\"data:image\/svg+xml;base64,PHN2ZyB4bWxucz0iaHR0cDovL3d3dy53My5vcmcvMjAwMC9zdmciIGhlaWdodD0iMjRweCIgdmlld0JveD0iMCAtOTYwIDk2MCA5NjAiIHdpZHRoPSIyNHB4IiBmaWxsPSIjMWUxZTFlIj48cGF0aCBkPSJNMzgyLTI0MCAxNTQtNDY4bDU3LTU3IDE3MSAxNzEgMzY3LTM2NyA1NyA1Ny00MjQgNDI0WiIvPjwvc3ZnPg==\" alt=\"\" style=\"width:28px;height:auto\"\/><\/figure>\n<\/figure>\n\n\n\n<p>Taimikonhoito alkaen 300\u20ac + alv\/ha<\/p>\n<\/div>\n\n\n\n<div class=\"wp-block-group is-nowrap is-layout-flex wp-container-core-group-is-layout-ec24e71f wp-block-group-is-layout-flex\" style=\"margin-top:var(--wp--preset--spacing--20);margin-bottom:var(--wp--preset--spacing--20)\">\n<figure class=\"wp-block-image size-large is-resized wp-container-content-c42f3963 wp-duotone-primary-foreground\"><img decoding=\"async\" src=\"data:image\/svg+xml;base64,PHN2ZyB4bWxucz0iaHR0cDovL3d3dy53My5vcmcvMjAwMC9zdmciIGhlaWdodD0iMjRweCIgdmlld0JveD0iMCAtOTYwIDk2MCA5NjAiIHdpZHRoPSIyNHB4IiBmaWxsPSIjMWUxZTFlIj48cGF0aCBkPSJNMzgyLTI0MCAxNTQtNDY4bDU3LTU3IDE3MSAxNzEgMzY3LTM2NyA1NyA1Ny00MjQgNDI0WiIvPjwvc3ZnPg==\" alt=\"\" style=\"width:28px;height:auto\"\/><\/figure>\n\n\n\n<p>Ennakkoraivaus alkaen 150\u20ac + alv\/ha<\/p>\n<\/div>\n<\/div>\n<\/div>\n\n\n\n<div class=\"wp-block-column is-vertically-aligned-stretch is-layout-flow wp-block-column-is-layout-flow\">\n<div class=\"wp-block-group has-global-padding is-layout-constrained wp-container-core-group-is-layout-52009084 wp-block-group-is-layout-constrained\" style=\"border-width:1px;min-height:100%;padding-top:var(--wp--preset--spacing--40);padding-right:var(--wp--preset--spacing--40);padding-bottom:var(--wp--preset--spacing--40);padding-left:var(--wp--preset--spacing--40)\">\n<div class=\"wp-block-group has-global-padding is-layout-constrained wp-container-core-group-is-layout-78228b76 wp-block-group-is-layout-constrained\">\n<figure class=\"wp-block-image size-full is-style-default\"><img loading=\"lazy\" decoding=\"async\" width=\"707\" height=\"942\" src=\"https:\/\/www.vuoksenmetsuripalvelu.fi\/wp-content\/uploads\/2025\/09\/Messenger_creation_E454BC9B-B2B9-43D8-BC9F-FD8931DE6C54.jpeg\" alt=\"\" class=\"wp-image-33\" style=\"aspect-ratio:1;object-fit:cover\" srcset=\"https:\/\/www.vuoksenmetsuripalvelu.fi\/wp-content\/uploads\/2025\/09\/Messenger_creation_E454BC9B-B2B9-43D8-BC9F-FD8931DE6C54.jpeg 707w, https:\/\/www.vuoksenmetsuripalvelu.fi\/wp-content\/uploads\/2025\/09\/Messenger_creation_E454BC9B-B2B9-43D8-BC9F-FD8931DE6C54-225x300.jpeg 225w\" sizes=\"auto, (max-width: 707px) 100vw, 707px\" \/><\/figure>\n<\/div>\n\n\n\n<h3 class=\"wp-block-heading has-text-align-center\" style=\"margin-top:24px;font-size:clamp(0.984rem, 0.984rem + ((1vw - 0.2rem) * 0.86), 1.5rem);line-height:1.5\">Pihapuiden kaadot<\/h3>\n\n\n\n<p class=\"has-text-align-center has-small-font-size\" style=\"margin-top:8px\">Pihapuiden kaadot suorakaatoina tai tarvittaessa kiipeilytekniikkaa k\u00e4ytt\u00e4en. Puunkaadon hintaan vaikuttavat poistettavien puiden m\u00e4\u00e4r\u00e4, sek\u00e4 niiden haastavuus. Tarkan hinnan saat maksuttoman arviok\u00e4ynnin j\u00e4lkeen.<\/p>\n\n\n\n<hr class=\"wp-block-separator has-text-color has-foreground-color has-alpha-channel-opacity has-foreground-background-color has-background is-style-wide\" style=\"margin-top:var(--wp--preset--spacing--40);margin-bottom:var(--wp--preset--spacing--40)\"\/>\n\n\n\n<div class=\"wp-block-group is-nowrap is-layout-flex wp-container-core-group-is-layout-ec24e71f wp-block-group-is-layout-flex\" style=\"margin-top:var(--wp--preset--spacing--20);margin-bottom:var(--wp--preset--spacing--20)\">\n<figure class=\"wp-block-image size-large is-resized wp-container-content-c42f3963 wp-duotone-primary-foreground\"><img decoding=\"async\" src=\"data:image\/svg+xml;base64,PHN2ZyB4bWxucz0iaHR0cDovL3d3dy53My5vcmcvMjAwMC9zdmciIGhlaWdodD0iMjRweCIgdmlld0JveD0iMCAtOTYwIDk2MCA5NjAiIHdpZHRoPSIyNHB4IiBmaWxsPSIjMWUxZTFlIj48cGF0aCBkPSJNMzgyLTI0MCAxNTQtNDY4bDU3LTU3IDE3MSAxNzEgMzY3LTM2NyA1NyA1Ny00MjQgNDI0WiIvPjwvc3ZnPg==\" alt=\"\" style=\"width:28px;height:auto\"\/><\/figure>\n\n\n\n<p>Suorakaadot alkaen 70\u20ac<\/p>\n<\/div>\n\n\n\n<div class=\"wp-block-group is-nowrap is-layout-flex wp-container-core-group-is-layout-ec24e71f wp-block-group-is-layout-flex\" style=\"margin-top:var(--wp--preset--spacing--20);margin-bottom:var(--wp--preset--spacing--20)\">\n<figure class=\"wp-block-image size-large is-resized wp-container-content-c42f3963 wp-duotone-primary-foreground\"><img decoding=\"async\" src=\"data:image\/svg+xml;base64,PHN2ZyB4bWxucz0iaHR0cDovL3d3dy53My5vcmcvMjAwMC9zdmciIGhlaWdodD0iMjRweCIgdmlld0JveD0iMCAtOTYwIDk2MCA5NjAiIHdpZHRoPSIyNHB4IiBmaWxsPSIjMWUxZTFlIj48cGF0aCBkPSJNMzgyLTI0MCAxNTQtNDY4bDU3LTU3IDE3MSAxNzEgMzY3LTM2NyA1NyA1Ny00MjQgNDI0WiIvPjwvc3ZnPg==\" alt=\"\" style=\"width:28px;height:auto\"\/><\/figure>\n\n\n\n<p>Kiipeilykaadot alkaen 150\u20ac<\/p>\n<\/div>\n\n\n\n<div class=\"wp-block-group is-nowrap is-layout-flex wp-container-core-group-is-layout-ec24e71f wp-block-group-is-layout-flex\" style=\"margin-top:var(--wp--preset--spacing--20);margin-bottom:var(--wp--preset--spacing--20)\">\n<figure class=\"wp-block-image size-large is-resized wp-container-content-c42f3963 wp-duotone-primary-foreground\"><img decoding=\"async\" src=\"data:image\/svg+xml;base64,PHN2ZyB4bWxucz0iaHR0cDovL3d3dy53My5vcmcvMjAwMC9zdmciIGhlaWdodD0iMjRweCIgdmlld0JveD0iMCAtOTYwIDk2MCA5NjAiIHdpZHRoPSIyNHB4IiBmaWxsPSIjMWUxZTFlIj48cGF0aCBkPSJNMzgyLTI0MCAxNTQtNDY4bDU3LTU3IDE3MSAxNzEgMzY3LTM2NyA1NyA1Ny00MjQgNDI0WiIvPjwvc3ZnPg==\" alt=\"\" style=\"width:28px;height:auto\"\/><\/figure>\n\n\n\n<p>Lis\u00e4hinnasta runkojen k\u00e4sittely asiakkaan haluamaan mittaan<\/p>\n<\/div>\n\n\n\n<div class=\"wp-block-group is-nowrap is-layout-flex wp-container-core-group-is-layout-ec24e71f wp-block-group-is-layout-flex\" style=\"margin-top:var(--wp--preset--spacing--20);margin-bottom:var(--wp--preset--spacing--20)\">\n<p><\/p>\n<\/div>\n<\/div>\n<\/div>\n\n\n\n<div class=\"wp-block-column is-vertically-aligned-stretch is-layout-flow wp-block-column-is-layout-flow\">\n<div class=\"wp-block-group has-global-padding is-layout-constrained wp-container-core-group-is-layout-c597083f wp-block-group-is-layout-constrained\" style=\"border-width:1px;min-height:100%;padding-top:var(--wp--preset--spacing--50);padding-right:var(--wp--preset--spacing--40);padding-bottom:var(--wp--preset--spacing--40);padding-left:var(--wp--preset--spacing--40)\">\n<div class=\"wp-block-group has-global-padding is-layout-constrained wp-container-core-group-is-layout-78228b76 wp-block-group-is-layout-constrained\">\n<figure class=\"wp-block-image size-full is-style-default\"><img loading=\"lazy\" decoding=\"async\" width=\"1920\" height=\"2560\" src=\"https:\/\/www.vuoksenmetsuripalvelu.fi\/wp-content\/uploads\/2026\/05\/20260429_105503-scaled.jpg\" alt=\"\" class=\"wp-image-97\" srcset=\"https:\/\/www.vuoksenmetsuripalvelu.fi\/wp-content\/uploads\/2026\/05\/20260429_105503-scaled.jpg 1920w, https:\/\/www.vuoksenmetsuripalvelu.fi\/wp-content\/uploads\/2026\/05\/20260429_105503-225x300.jpg 225w\" sizes=\"auto, (max-width: 1920px) 100vw, 1920px\" \/><\/figure>\n<\/div>\n\n\n\n<h3 class=\"wp-block-heading has-text-align-center\" style=\"margin-top:24px;font-size:clamp(0.984rem, 0.984rem + ((1vw - 0.2rem) * 0.86), 1.5rem);line-height:1.5\">Kantojyrsint\u00e4<\/h3>\n\n\n\n<p>Tarjoan kantojyrsint\u00e4\u00e4 Etel\u00e4-Karjalan alueella. Kysy tarjous.<\/p>\n\n\n\n<hr class=\"wp-block-separator has-text-color has-foreground-color has-alpha-channel-opacity has-foreground-background-color has-background is-style-wide\" style=\"margin-top:var(--wp--preset--spacing--40);margin-bottom:var(--wp--preset--spacing--40)\"\/>\n\n\n\n<div class=\"wp-block-group is-nowrap is-layout-flex wp-container-core-group-is-layout-ec24e71f wp-block-group-is-layout-flex\" style=\"margin-top:var(--wp--preset--spacing--20);margin-bottom:var(--wp--preset--spacing--20)\">\n<p>Kantojyrsinn\u00e4n hinta m\u00e4\u00e4r\u00e4ytyy jyrsitt\u00e4v\u00e4n kannon halkaisijan mukaan. Jyrsinn\u00e4n hinta alkaen 1.2\u20ac\/cm<\/p>\n<\/div>\n\n\n\n<div class=\"wp-block-group is-nowrap is-layout-flex wp-container-core-group-is-layout-ec24e71f wp-block-group-is-layout-flex\" style=\"margin-top:var(--wp--preset--spacing--20);margin-bottom:var(--wp--preset--spacing--20)\">\n<p><\/p>\n<\/div>\n<\/div>\n<\/div>\n<\/div>\n\n\n\n<figure class=\"wp-block-image size-large\"><img loading=\"lazy\" decoding=\"async\" width=\"1024\" height=\"526\" src=\"https:\/\/www.vuoksenmetsuripalvelu.fi\/wp-content\/uploads\/2025\/09\/vuoksen_metsuripalvelu_print_250130_200523-1024x526.jpg\" alt=\"\" class=\"wp-image-21\"\/><\/figure>\n<\/div>\n\n\n\n<div class=\"wp-block-columns is-layout-flex wp-container-core-columns-is-layout-28f84493 wp-block-columns-is-layout-flex\">\n<div class=\"wp-block-column is-layout-flow wp-block-column-is-layout-flow\" style=\"flex-basis:10%\"><\/div>\n\n\n\n<div class=\"wp-block-column is-layout-flow wp-block-column-is-layout-flow\"><\/div>\n\n\n\n<div class=\"wp-block-column is-layout-flow wp-block-column-is-layout-flow\"><\/div>\n\n\n\n<div class=\"wp-block-column is-layout-flow wp-block-column-is-layout-flow\" style=\"flex-basis:10%\"><\/div>\n<\/div>\n\n\n\n<div class=\"wp-block-columns is-layout-flex wp-container-core-columns-is-layout-28f84493 wp-block-columns-is-layout-flex\">\n<div class=\"wp-block-column is-layout-flow wp-block-column-is-layout-flow\"><\/div>\n\n\n\n<div class=\"wp-block-column is-layout-flow wp-block-column-is-layout-flow\">\n<p style=\"font-size:14px\"><\/p>\n\n\n\n<details class=\"wp-block-details is-layout-flow wp-block-details-is-layout-flow\"><summary>Yhteystiedot<\/summary>\n<p>vili@vuoksenmetsuripalvelu.fi<\/p>\n\n\n\n<p>045 2026494<\/p>\n<\/details>\n<\/div>\n<\/div>\n\n\n\n<figure class=\"wp-block-gallery has-nested-images columns-default is-cropped wp-block-gallery-3 is-layout-flex wp-block-gallery-is-layout-flex\">\n<figure class=\"wp-block-image size-large\"><img loading=\"lazy\" decoding=\"async\" width=\"1024\" height=\"1024\" data-id=\"79\" src=\"https:\/\/www.vuoksenmetsuripalvelu.fi\/wp-content\/uploads\/2026\/04\/IMG_20230831_113358_915-1024x1024.webp\" alt=\"\" class=\"wp-image-79\" srcset=\"https:\/\/www.vuoksenmetsuripalvelu.fi\/wp-content\/uploads\/2026\/04\/IMG_20230831_113358_915-1024x1024.webp 1024w, https:\/\/www.vuoksenmetsuripalvelu.fi\/wp-content\/uploads\/2026\/04\/IMG_20230831_113358_915-300x300.webp 300w, https:\/\/www.vuoksenmetsuripalvelu.fi\/wp-content\/uploads\/2026\/04\/IMG_20230831_113358_915-150x150.webp 150w, https:\/\/www.vuoksenmetsuripalvelu.fi\/wp-content\/uploads\/2026\/04\/IMG_20230831_113358_915-768x768.webp 768w, https:\/\/www.vuoksenmetsuripalvelu.fi\/wp-content\/uploads\/2026\/04\/IMG_20230831_113358_915.webp 1080w\" sizes=\"auto, (max-width: 1024px) 100vw, 1024px\" \/><\/figure>\n\n\n\n<figure class=\"wp-block-image size-large\"><img loading=\"lazy\" decoding=\"async\" width=\"1024\" height=\"1024\" data-id=\"80\" src=\"https:\/\/www.vuoksenmetsuripalvelu.fi\/wp-content\/uploads\/2026\/04\/IMG_20230831_113359_048-1024x1024.webp\" alt=\"\" class=\"wp-image-80\" srcset=\"https:\/\/www.vuoksenmetsuripalvelu.fi\/wp-content\/uploads\/2026\/04\/IMG_20230831_113359_048-1024x1024.webp 1024w, https:\/\/www.vuoksenmetsuripalvelu.fi\/wp-content\/uploads\/2026\/04\/IMG_20230831_113359_048-300x300.webp 300w, https:\/\/www.vuoksenmetsuripalvelu.fi\/wp-content\/uploads\/2026\/04\/IMG_20230831_113359_048-150x150.webp 150w, https:\/\/www.vuoksenmetsuripalvelu.fi\/wp-content\/uploads\/2026\/04\/IMG_20230831_113359_048-768x768.webp 768w, https:\/\/www.vuoksenmetsuripalvelu.fi\/wp-content\/uploads\/2026\/04\/IMG_20230831_113359_048.webp 1080w\" sizes=\"auto, (max-width: 1024px) 100vw, 1024px\" \/><\/figure>\n\n\n\n<figure class=\"wp-block-image size-large\"><img loading=\"lazy\" decoding=\"async\" width=\"1024\" height=\"1024\" data-id=\"81\" src=\"https:\/\/www.vuoksenmetsuripalvelu.fi\/wp-content\/uploads\/2026\/04\/IMG_20231201_150759_709-1024x1024.webp\" alt=\"\" class=\"wp-image-81\" srcset=\"https:\/\/www.vuoksenmetsuripalvelu.fi\/wp-content\/uploads\/2026\/04\/IMG_20231201_150759_709-1024x1024.webp 1024w, https:\/\/www.vuoksenmetsuripalvelu.fi\/wp-content\/uploads\/2026\/04\/IMG_20231201_150759_709-300x300.webp 300w, https:\/\/www.vuoksenmetsuripalvelu.fi\/wp-content\/uploads\/2026\/04\/IMG_20231201_150759_709-150x150.webp 150w, https:\/\/www.vuoksenmetsuripalvelu.fi\/wp-content\/uploads\/2026\/04\/IMG_20231201_150759_709-768x768.webp 768w, https:\/\/www.vuoksenmetsuripalvelu.fi\/wp-content\/uploads\/2026\/04\/IMG_20231201_150759_709.webp 1080w\" sizes=\"auto, (max-width: 1024px) 100vw, 1024px\" \/><figcaption class=\"wp-element-caption\">Yritt\u00e4j\u00e4 harvennushakkuulla<\/figcaption><\/figure>\n\n\n\n<figure class=\"wp-block-image size-large\"><img loading=\"lazy\" decoding=\"async\" width=\"1024\" height=\"1024\" data-id=\"82\" src=\"https:\/\/www.vuoksenmetsuripalvelu.fi\/wp-content\/uploads\/2026\/04\/IMG_20231201_150759_923-1024x1024.webp\" alt=\"\" class=\"wp-image-82\" srcset=\"https:\/\/www.vuoksenmetsuripalvelu.fi\/wp-content\/uploads\/2026\/04\/IMG_20231201_150759_923-1024x1024.webp 1024w, https:\/\/www.vuoksenmetsuripalvelu.fi\/wp-content\/uploads\/2026\/04\/IMG_20231201_150759_923-300x300.webp 300w, https:\/\/www.vuoksenmetsuripalvelu.fi\/wp-content\/uploads\/2026\/04\/IMG_20231201_150759_923-150x150.webp 150w, https:\/\/www.vuoksenmetsuripalvelu.fi\/wp-content\/uploads\/2026\/04\/IMG_20231201_150759_923-768x768.webp 768w, https:\/\/www.vuoksenmetsuripalvelu.fi\/wp-content\/uploads\/2026\/04\/IMG_20231201_150759_923.webp 1080w\" sizes=\"auto, (max-width: 1024px) 100vw, 1024px\" \/><figcaption class=\"wp-element-caption\">Taimikonhoitoa talvikeliss\u00e4<\/figcaption><\/figure>\n\n\n\n<figure class=\"wp-block-image size-large\"><img loading=\"lazy\" decoding=\"async\" width=\"1024\" height=\"1024\" data-id=\"83\" src=\"https:\/\/www.vuoksenmetsuripalvelu.fi\/wp-content\/uploads\/2026\/04\/IMG_20240101_193443_759-1024x1024.webp\" alt=\"Ensiharvennus koivikossa\" class=\"wp-image-83\" srcset=\"https:\/\/www.vuoksenmetsuripalvelu.fi\/wp-content\/uploads\/2026\/04\/IMG_20240101_193443_759-1024x1024.webp 1024w, https:\/\/www.vuoksenmetsuripalvelu.fi\/wp-content\/uploads\/2026\/04\/IMG_20240101_193443_759-300x300.webp 300w, https:\/\/www.vuoksenmetsuripalvelu.fi\/wp-content\/uploads\/2026\/04\/IMG_20240101_193443_759-150x150.webp 150w, https:\/\/www.vuoksenmetsuripalvelu.fi\/wp-content\/uploads\/2026\/04\/IMG_20240101_193443_759-768x768.webp 768w, https:\/\/www.vuoksenmetsuripalvelu.fi\/wp-content\/uploads\/2026\/04\/IMG_20240101_193443_759.webp 1080w\" sizes=\"auto, (max-width: 1024px) 100vw, 1024px\" \/><figcaption class=\"wp-element-caption\">Ensiharvennus koivikossa<\/figcaption><\/figure>\n\n\n\n<figure class=\"wp-block-image size-large\"><img loading=\"lazy\" decoding=\"async\" width=\"1024\" height=\"1024\" data-id=\"84\" src=\"https:\/\/www.vuoksenmetsuripalvelu.fi\/wp-content\/uploads\/2026\/04\/IMG_20250119_172330_452-1024x1024.webp\" alt=\"\" class=\"wp-image-84\" srcset=\"https:\/\/www.vuoksenmetsuripalvelu.fi\/wp-content\/uploads\/2026\/04\/IMG_20250119_172330_452-1024x1024.webp 1024w, https:\/\/www.vuoksenmetsuripalvelu.fi\/wp-content\/uploads\/2026\/04\/IMG_20250119_172330_452-300x300.webp 300w, https:\/\/www.vuoksenmetsuripalvelu.fi\/wp-content\/uploads\/2026\/04\/IMG_20250119_172330_452-150x150.webp 150w, https:\/\/www.vuoksenmetsuripalvelu.fi\/wp-content\/uploads\/2026\/04\/IMG_20250119_172330_452-768x768.webp 768w, https:\/\/www.vuoksenmetsuripalvelu.fi\/wp-content\/uploads\/2026\/04\/IMG_20250119_172330_452.webp 1080w\" sizes=\"auto, (max-width: 1024px) 100vw, 1024px\" \/><figcaption class=\"wp-element-caption\">Kuusen kiipeilykaato<\/figcaption><\/figure>\n\n\n\n<figure class=\"wp-block-image size-large\"><img loading=\"lazy\" decoding=\"async\" width=\"1024\" height=\"1024\" data-id=\"85\" src=\"https:\/\/www.vuoksenmetsuripalvelu.fi\/wp-content\/uploads\/2026\/04\/IMG_20250923_193120_810-1024x1024.webp\" alt=\"\" class=\"wp-image-85\" srcset=\"https:\/\/www.vuoksenmetsuripalvelu.fi\/wp-content\/uploads\/2026\/04\/IMG_20250923_193120_810-1024x1024.webp 1024w, https:\/\/www.vuoksenmetsuripalvelu.fi\/wp-content\/uploads\/2026\/04\/IMG_20250923_193120_810-300x300.webp 300w, https:\/\/www.vuoksenmetsuripalvelu.fi\/wp-content\/uploads\/2026\/04\/IMG_20250923_193120_810-150x150.webp 150w, https:\/\/www.vuoksenmetsuripalvelu.fi\/wp-content\/uploads\/2026\/04\/IMG_20250923_193120_810-768x768.webp 768w, https:\/\/www.vuoksenmetsuripalvelu.fi\/wp-content\/uploads\/2026\/04\/IMG_20250923_193120_810.webp 1440w\" sizes=\"auto, (max-width: 1024px) 100vw, 1024px\" \/><\/figure>\n\n\n\n<figure class=\"wp-block-image size-large\"><img loading=\"lazy\" decoding=\"async\" width=\"1024\" height=\"1024\" data-id=\"86\" src=\"https:\/\/www.vuoksenmetsuripalvelu.fi\/wp-content\/uploads\/2026\/04\/IMG_20250923_193120_915-1024x1024.webp\" alt=\"\" class=\"wp-image-86\" srcset=\"https:\/\/www.vuoksenmetsuripalvelu.fi\/wp-content\/uploads\/2026\/04\/IMG_20250923_193120_915-1024x1024.webp 1024w, https:\/\/www.vuoksenmetsuripalvelu.fi\/wp-content\/uploads\/2026\/04\/IMG_20250923_193120_915-300x300.webp 300w, https:\/\/www.vuoksenmetsuripalvelu.fi\/wp-content\/uploads\/2026\/04\/IMG_20250923_193120_915-150x150.webp 150w, https:\/\/www.vuoksenmetsuripalvelu.fi\/wp-content\/uploads\/2026\/04\/IMG_20250923_193120_915-768x768.webp 768w, https:\/\/www.vuoksenmetsuripalvelu.fi\/wp-content\/uploads\/2026\/04\/IMG_20250923_193120_915.webp 1440w\" sizes=\"auto, (max-width: 1024px) 100vw, 1024px\" \/><\/figure>\n\n\n\n<figure class=\"wp-block-image size-large\"><img loading=\"lazy\" decoding=\"async\" width=\"1024\" height=\"1024\" data-id=\"87\" src=\"https:\/\/www.vuoksenmetsuripalvelu.fi\/wp-content\/uploads\/2026\/04\/IMG_20260410_145144_494-1024x1024.webp\" alt=\"\" class=\"wp-image-87\" srcset=\"https:\/\/www.vuoksenmetsuripalvelu.fi\/wp-content\/uploads\/2026\/04\/IMG_20260410_145144_494-1024x1024.webp 1024w, https:\/\/www.vuoksenmetsuripalvelu.fi\/wp-content\/uploads\/2026\/04\/IMG_20260410_145144_494-300x300.webp 300w, https:\/\/www.vuoksenmetsuripalvelu.fi\/wp-content\/uploads\/2026\/04\/IMG_20260410_145144_494-150x150.webp 150w, https:\/\/www.vuoksenmetsuripalvelu.fi\/wp-content\/uploads\/2026\/04\/IMG_20260410_145144_494-768x768.webp 768w, https:\/\/www.vuoksenmetsuripalvelu.fi\/wp-content\/uploads\/2026\/04\/IMG_20260410_145144_494.webp 1440w\" sizes=\"auto, (max-width: 1024px) 100vw, 1024px\" \/><\/figure>\n<\/figure>\n\n\n\n<p><\/p>\n","protected":false},"excerpt":{"rendered":"<p>Mets\u00e4nhoito- ja puunkaatopalveluita Imatralta Ota yhteytt\u00e4: vili@vuoksenmetsuripalvelu.fi 045 202 6494 Vuoksen Metsuripalvelu tarjoaa laadukkaita ja yksil\u00f6llisesti r\u00e4\u00e4t\u00e4l\u00f6ityj\u00e4 metsuripalveluita. Yrityksen kotipaikka on Imatralla, mutta palvelen asiakkaita koko Etel\u00e4-Karjalan alueella. Palveluvalikoimaani kuuluvat pihapuiden kaadot, kantojyrsint\u00e4 sek\u00e4 perinteiset mets\u00e4nhoitoty\u00f6t. Olen koulutukseltani metsuri-mets\u00e4palvelujen tuottaja ja toteutan mets\u00e4nhoitoty\u00f6t tuoreimpien mets\u00e4nhoitosuositusten mukaan. Taimikonhoidot ja istutusty\u00f6 Toteutan taimikonhoidot maanomistajan toiveita kuunnellen, sek\u00e4 [&hellip;]<\/p>\n","protected":false},"author":1,"featured_media":0,"parent":0,"menu_order":0,"comment_status":"closed","ping_status":"closed","template":"","meta":{"om_disable_all_campaigns":false,"_monsterinsights_skip_tracking":false,"_monsterinsights_sitenote_active":false,"_monsterinsights_sitenote_note":"","_monsterinsights_sitenote_category":0,"footnotes":""},"class_list":["post-18","page","type-page","status-publish","hentry"],"aioseo_notices":[],"_links":{"self":[{"href":"https:\/\/www.vuoksenmetsuripalvelu.fi\/index.php?rest_route=\/wp\/v2\/pages\/18","targetHints":{"allow":["GET"]}}],"collection":[{"href":"https:\/\/www.vuoksenmetsuripalvelu.fi\/index.php?rest_route=\/wp\/v2\/pages"}],"about":[{"href":"https:\/\/www.vuoksenmetsuripalvelu.fi\/index.php?rest_route=\/wp\/v2\/types\/page"}],"author":[{"embeddable":true,"href":"https:\/\/www.vuoksenmetsuripalvelu.fi\/index.php?rest_route=\/wp\/v2\/users\/1"}],"replies":[{"embeddable":true,"href":"https:\/\/www.vuoksenmetsuripalvelu.fi\/index.php?rest_route=%2Fwp%2Fv2%2Fcomments&post=18"}],"version-history":[{"count":27,"href":"https:\/\/www.vuoksenmetsuripalvelu.fi\/index.php?rest_route=\/wp\/v2\/pages\/18\/revisions"}],"predecessor-version":[{"id":101,"href":"https:\/\/www.vuoksenmetsuripalvelu.fi\/index.php?rest_route=\/wp\/v2\/pages\/18\/revisions\/101"}],"wp:attachment":[{"href":"https:\/\/www.vuoksenmetsuripalvelu.fi\/index.php?rest_route=%2Fwp%2Fv2%2Fmedia&parent=18"}],"curies":[{"name":"wp","href":"https:\/\/api.w.org\/{rel}","templated":true}]}}